{"id":4227,"date":"2025-11-28T12:59:32","date_gmt":"2025-11-28T12:59:32","guid":{"rendered":"https:\/\/www.refruiting.com\/?page_id=4227"},"modified":"2025-11-28T13:00:06","modified_gmt":"2025-11-28T13:00:06","slug":"conditions-generales-de-vente","status":"publish","type":"page","link":"https:\/\/www.refruiting.com\/fr\/conditions-generales-de-vente\/","title":{"rendered":"Conditions g\u00e9n\u00e9rales de vente"},"content":{"rendered":"<div data-elementor-type=\"wp-page\" data-elementor-id=\"4227\" class=\"elementor elementor-4227\" data-elementor-post-type=\"page\">\n\t\t\t\t<div class=\"elementor-element elementor-element-25d5a9b e-flex e-con-boxed e-con e-parent\" data-id=\"25d5a9b\" data-element_type=\"container\">\n\t\t\t\t\t<div class=\"e-con-inner\">\n\t\t\t\t<div class=\"elementor-element elementor-element-575db60 elementor-widget elementor-widget-heading\" data-id=\"575db60\" data-element_type=\"widget\" data-widget_type=\"heading.default\">\n\t\t\t\t<div class=\"elementor-widget-container\">\n\t\t\t\t\t<h1 class=\"elementor-heading-title elementor-size-default\">Conditions g\u00e9n\u00e9rales de vente<\/h1>\t\t\t\t<\/div>\n\t\t\t\t<\/div>\n\t\t\t\t<div class=\"elementor-element elementor-element-080c1e1 elementor-widget elementor-widget-text-editor\" data-id=\"080c1e1\" data-element_type=\"widget\" data-widget_type=\"text-editor.default\">\n\t\t\t\t<div class=\"elementor-widget-container\">\n\t\t\t\t\t\t\t\t\t<p>ARTICLE 1 \u2013 PORTEE<\/p><p>1.1 Les pr\u00e9sentes conditions g\u00e9n\u00e9rales de vente sont \u00e9tablies par REFRUITING FRANCE, Soci\u00e9t\u00e9 par actions simplifi\u00e9e (Soci\u00e9t\u00e9 \u00e0 associ\u00e9 unique), au capital de 200.000 euros, dont le si\u00e8ge social est au 3 avenue de l\u2019Op\u00e9ra 75001 Paris, immatricul\u00e9e sous le num\u00e9ro 529 733 834 R.C.S. Paris et dont le num\u00e9ro de TVA intracommunautaire est FR91943761106.<\/p><p>1.2 Refruiting co-traite ses prestations avec l\u2019ANRH, association loi de 1901 reconnue d\u2019utilit\u00e9 publique par d\u00e9cret du 19 f\u00e9vrier 1968, n\u00b0 Siren 775 660 970, dont le si\u00e8ge social est sis 17 avenue Truillot \u2013 75011 Paris et particuli\u00e8rement avec l\u2019entreprise adapt\u00e9e ANRH \u2013 EA Ivry qui emploie au moins 55% de collaborateurs en situation de handicap.<\/p><p>1.3 Tout achat de produits de la marque Refruiting sur le territoire d\u2019Ile-de-France ou sur le site https:\/\/www.refruiting.fr\/ est soumise aux pr\u00e9sentes Conditions G\u00e9n\u00e9rales de Vente (\u00ab CGV \u00bb)et implique leur acceptation pr\u00e9alable sans r\u00e9serve par tout acheteur.<\/p><p>1.4 Les pr\u00e9sentes conditions g\u00e9n\u00e9rales de vente ne sont applicables qu\u2019aux acheteurs professionnels (ci-apr\u00e8s le \u00ab Client \u00bb) \u00e0 l\u2019exclusion des personnes physiques \/ consommateurs et lient juridiquement le Client, Refruiting et l\u2019ANRH.<\/p><p>1.5 Les pr\u00e9sentes CGV pourront \u00eatre r\u00e9vis\u00e9es \u00e0 tout moment ; chaque commande \u00e9tant soumise \u00e0 la version des Conditions G\u00e9n\u00e9rales de Vente publi\u00e9e sur le site internet au moment de sa souscription.<\/p><p>1.6 Le fait pour REFRUITING FRANCE de ne pas faire usage \u00e0 un moment donn\u00e9 de l\u2019une quelconque des dispositions des pr\u00e9sentes conditions g\u00e9n\u00e9rales ne saurait \u00eatre interpr\u00e9t\u00e9 comme valant renonciation au droit de se pr\u00e9valoir ult\u00e9rieurement de l\u2019une quelconque de ces stipulations.<\/p><p>ARTICLE 2 \u2013 OFFRE, COMMANDE ET CONCLUSION DU CONTRAT DE VENTE<\/p><p>Toute commande fera l\u2019objet d\u2019un devis pr\u00e9alable qui devra \u00eatre d\u00fbment accept\u00e9 par le Client.<\/p><p>Le contrat entre REFRUITING FRANCE et le Client ne sera form\u00e9 qu\u2019\u00e0 la r\u00e9ception, par REFRUITING FRANCE, du devis accept\u00e9 par email sans r\u00e9serve ni modification.<\/p><p>REFRUITING FRANCE se r\u00e9serve le droit de refuser toutes commandes pour lesquelles les informations communiqu\u00e9es par le Client ne seraient pas compl\u00e8tes ou valides ou qui aurait vocation \u00e0 \u00eatre ex\u00e9cuter dans un territoire qui n\u2019est pas desservi par REFRUITING FRANCE .<\/p><p>Sauf cas de force majeure, aucune commande ferme telle que d\u00e9finie ci-dessus ne pourra \u00eatre annul\u00e9e en tout ou partie, ou plus g\u00e9n\u00e9ralement modifi\u00e9e par le client, sauf accord pr\u00e9alable et \u00e9crit de REFRUITING FRANCE \u00e0 cet effet.<\/p><p>Le Contrat ne peut en aucun cas \u00eatre c\u00e9d\u00e9 par le client sans l\u2019accord \u00e9crit pr\u00e9alable de REFRUITING FRANCE .<\/p><p>Le Contrat est sans engagement et peut \u00eatre \u00e0 tout moment modifi\u00e9, annul\u00e9 ou r\u00e9sili\u00e9 par le Client 72h avant la livraison planifi\u00e9e.<\/p><p>REFRUITING FRANCE peut valablement d\u00e9cider de sous-traiter la fourniture de tout ou partie des prestations \u00e0 la seule condition que leur qualit\u00e9 soit \u00e9quivalente \u00e0 celle qu\u2019elle aurait pu fournir par elle-m\u00eame.<\/p><p>ARTICLE 3 \u2013 PRIX ET FRAIS DE LIVRAISON<\/p><p>Le devis communiqu\u00e9 par REFRUITING FRANCE et accept\u00e9 par le Client font appara\u00eetre clairement le prix des produits et les frais de la ou des livraisons.<\/p><p>Sauf indication contraire, les prix et frais de livraison sont exprim\u00e9s hors taxe.<\/p><p>Les Produits \u00e9tant des paniers de fruits, leurs prix peuvent \u00eatre ajust\u00e9s par REFRUITING FRANCE \u00e0 tout moment, avec l\u2019accord du Client.<\/p><p>ARTICLE 4 \u2013 PAIEMENT<\/p><p>Sauf accord \u00e9crit contraire de REFRUITING FRANCE, les prestations et\/ou produits seront payables dans un d\u00e9lai de 30 jours \u00e0 compter de la date de la facture, quel que soit le mode de paiement convenu (mandat SEPA, ch\u00e8que, virement bancaire, carte de cr\u00e9dit, etc.).<\/p><p>Tout montant non pay\u00e9 \u00e0 l\u2019\u00e9ch\u00e9ance sera major\u00e9 d\u2019int\u00e9r\u00eats au dernier taux de refinancement de la BCE major\u00e9 de 10 points, major\u00e9 du paiement d\u2019une indemnit\u00e9 forfaitaire pour frais de recouvrement fix\u00e9e \u00e0 40 euros.<\/p><p>En cas de retard de paiement, et sans pr\u00e9judice de l\u2019application des int\u00e9r\u00eats mentionn\u00e9s ci-dessus, REFRUITING FRANCE pourra, \u00e0 sa discr\u00e9tion :<\/p><ul><li>Suspendre ses obligations relatives \u00e0 la commande concern\u00e9e par le retard, ainsi que toutes les commandes en cours jusqu\u2019au paiement int\u00e9gral des sommes dues par le client,<\/li><li>R\u00e9silier le contrat avec le Client.<\/li><\/ul><p>Par ailleurs, conform\u00e9ment aux dispositions de l\u2019article L441-10 du Code de commerce Fran\u00e7ais, une contribution forfaitaire de 40 \u20ac par titre impay\u00e9 sera factur\u00e9e pour couvrir les frais engag\u00e9s par REFRUITING FRANCE pour le recouvrement de cr\u00e9ances impay\u00e9es, sauf si REFRUITING FRANCE justifie de frais sup\u00e9rieurs \u00e0 ce forfait, auquel cas le client doit l\u2019indemniser pour les frais r\u00e9ellement expos\u00e9s.<\/p><p>Annuellement, l\u2019ANRH adressera au Client la documentation l\u00e9gale attestant de son recours aux services d\u2019une entreprise adapt\u00e9e.<\/p><p>ARTICLE 5 \u2013 LIVRAISON ET CONFORMIT\u00c9<\/p><p>Le devis remis au Client indique express\u00e9ment le d\u00e9lai et, le cas \u00e9ch\u00e9ant, la fr\u00e9quence des livraisons.<\/p><p>Les livraisons s\u2019effectueront en caisse en bois ou carton recyclable (100% eco).<\/p><p>Les caisses en bois seront r\u00e9cup\u00e9r\u00e9es lors de la prochaine livraison. En cas de non retour, il sera factur\u00e9 une p\u00e9nalit\u00e9 sur la facture mensuelle.<\/p><p>Le Client est tenu de v\u00e9rifier l\u2019\u00e9tat des produits livr\u00e9s, la livraison \u00e9tant r\u00e9put\u00e9e conforme \u00e0 d\u00e9faut de r\u00e9clamation par le Client dans les conditions ci-dessous.<\/p><p>En cas de d\u00e9faut dans la livraison ou les produits remis, le Client disposera de soixante-douze (72) heures pour notifier sa r\u00e9clamation par \u00e9crit \u00e0 REFRUITING FRANCE.<\/p><p>Pass\u00e9 ce d\u00e9lai, aucun remplacement ni remboursement ne pourra \u00eatre accept\u00e9 par REFRUITING FRANCE.<\/p><p>Il appartiendra au client de fournir toute justification quant \u00e0 la r\u00e9alit\u00e9 des d\u00e9fauts ou anomalies constat\u00e9s.<\/p><p>REFRUITING FRANCE prendra alors les mesures n\u00e9cessaires pour proc\u00e9der au remplacement des produits dans un d\u00e9lai raisonnable et en cas d\u2019impossibilit\u00e9 au remboursement du prix de la commande concern\u00e9e.<\/p><p>En cas d\u2019absence du Client lors de la livraison, sans pr\u00e9avis de soixante-douze (72) heures avant r\u00e9ception par le Client, la commande ne sera pas rembours\u00e9e.<\/p><p>ARTICLE 6 \u2013 LIMITATIONS DE RESPONSABILIT\u00c9 \u2013 FORCE MAJEURE<\/p><p>6.1 REFRUITING FRANCE pourra proc\u00e9der \u00e0 la substitution des fruits command\u00e9s par des produits de nature et qualit\u00e9 similaires dans les cas suivants :<\/p><p>\u2013 p\u00e9nurie de la vari\u00e9t\u00e9 de fruits command\u00e9s ;<\/p><p>\u2013 p\u00e9riode de gel\u00e9e et\/ou intemp\u00e9rie affectant les fournisseurs de REFRUITING FRANCE.<\/p><p>6.2 REFRUITING FRANCE ne pourra \u00eatre tenue responsable en cas de force majeure, telle que d\u00e9finie \u00e0 l\u2019article 1218 du Code civil, ou dans les cas mentionn\u00e9s au paragraphe pr\u00e9c\u00e9dent.<\/p><p>ARTICLE 7\u2013 JURIDICTION, LOI APPLICABLE ET LANGUES<\/p><p>La loi fran\u00e7aise est la seule applicable aux pr\u00e9sentes CGV.<\/p><p>En cas de litige entre les Parties, ces derni\u00e8res s\u2019efforceront de parvenir \u00e0 un accord amiable.<\/p><p>A d\u00e9faut, le litige sera soumis aux juridictions comp\u00e9tentes de Paris.<\/p><p>ARTICLE 8 \u2013 RGPD<\/p><p>REFRUITING FRANCE, r\u00e9dacteur des pr\u00e9sentes, met en \u0153uvre des traitements de donn\u00e9es \u00e0 caract\u00e8re personnel qui ont pour base juridique un int\u00e9r\u00eat l\u00e9gitime lorsqu\u2019elle poursuit les finalit\u00e9s suivantes :<\/p><p>\u2013 la prospection ;<\/p><p>\u2013 la gestion de la relation avec ses clients et prospects ;<\/p><p>\u2013 l\u2019ex\u00e9cution de mesures pr\u00e9contractuelles ou contractuelles directement avec REFRUITING FRANCE;<\/p><p>\u2013 le traitement, l\u2019ex\u00e9cution, la prospection, la production, la gestion, le suivi des demandes et commandes des clients ;<\/p><p>\u2013 la facturation,<\/p><p>\u2013 la comptabilit\u00e9.<\/p><p>REFRUITING FRANCE ne conserve les donn\u00e9es que pour la dur\u00e9e n\u00e9cessaire aux op\u00e9rations pour lesquelles elles ont \u00e9t\u00e9 collect\u00e9es ainsi que dans le respect de la r\u00e8glementation en vigueur.<\/p><p>A cet \u00e9gard, les donn\u00e9es des clients sont conserv\u00e9es pendant la dur\u00e9e des relations contractuelles augment\u00e9e de 3 ans \u00e0 des fins d\u2019animation et prospection, sans pr\u00e9judice des obligations de conservation ou des d\u00e9lais de prescription. En mati\u00e8re de comptabilit\u00e9, elles sont conserv\u00e9es 10 ans \u00e0 compter de la cl\u00f4ture de l\u2019exercice comptable.<\/p><p>Les personnes concern\u00e9es par les traitements mis en \u0153uvre disposent \u00e9galement d\u2019un droit de s\u2019opposer \u00e0 tout moment, pour des raisons tenant \u00e0 leur situation particuli\u00e8re, \u00e0 un traitement des donn\u00e9es \u00e0 caract\u00e8re personnel ayant comme base juridique l\u2019int\u00e9r\u00eat l\u00e9gitime de ANRH, ainsi que d\u2019un droit d\u2019opposition \u00e0 la prospection commerciale.<\/p><p>Elles disposent \u00e9galement du droit de d\u00e9finir des directives g\u00e9n\u00e9rales et particuli\u00e8res d\u00e9finissant la mani\u00e8re dont elles entendent que soient exerc\u00e9s, apr\u00e8s leur d\u00e9c\u00e8s, les droits mentionn\u00e9s ci-dessus par courrier \u00e9lectronique \u00e0 l\u2019adresse suivante : service@refruiting.fr; ou par courrier postal \u00e0 l\u2019adresse suivante :<\/p><p>REFRUITING FRANCE<\/p><p>3 avenue de l'Op\u00e9ra 75001 Paris<\/p><p>accompagn\u00e9 d\u2019une copie d\u2019un titre d\u2019identit\u00e9 sign\u00e9.<\/p><p>Les personnes concern\u00e9es disposent du droit d\u2019introduire une r\u00e9clamation aupr\u00e8s de la Cnil.<\/p>\t\t\t\t\t\t\t\t<\/div>\n\t\t\t\t<\/div>\n\t\t\t\t\t<\/div>\n\t\t\t\t<\/div>\n\t\t\t\t<\/div>","protected":false},"excerpt":{"rendered":"<p>Conditions g\u00e9n\u00e9rales de vente ARTICLE 1 \u2013 PORTEE 1.1 Les pr\u00e9sentes conditions g\u00e9n\u00e9rales de vente sont \u00e9tablies par REFRUITING FRANCE, Soci\u00e9t\u00e9 par actions simplifi\u00e9e (Soci\u00e9t\u00e9 \u00e0 associ\u00e9 unique), au capital de 200.000 euros, dont le si\u00e8ge social est au 3 avenue de l\u2019Op\u00e9ra 75001 Paris, immatricul\u00e9e sous le num\u00e9ro 529 733 834 R.C.S. Paris et [&hellip;]<\/p>","protected":false},"author":8,"featured_media":0,"parent":0,"menu_order":0,"comment_status":"closed","ping_status":"closed","template":"","meta":{"content-type":"","footnotes":""},"class_list":["post-4227","page","type-page","status-publish","hentry"],"yoast_head":"<!-- This site is optimized with the Yoast SEO plugin v25.6 - https:\/\/yoast.com\/wordpress\/plugins\/seo\/ -->\n<title>Conditions g\u00e9n\u00e9rales de vente - refruiting<\/title>\n<meta name=\"robots\" content=\"index, follow, max-snippet:-1, max-image-preview:large, max-video-preview:-1\" \/>\n<link rel=\"canonical\" href=\"https:\/\/www.refruiting.com\/fr\/conditions-generales-de-vente\/\" \/>\n<meta property=\"og:locale\" content=\"fr_FR\" \/>\n<meta property=\"og:type\" content=\"article\" \/>\n<meta property=\"og:title\" content=\"Conditions g\u00e9n\u00e9rales de vente - refruiting\" \/>\n<meta property=\"og:description\" content=\"Conditions g\u00e9n\u00e9rales de vente ARTICLE 1 \u2013 PORTEE 1.1 Les pr\u00e9sentes conditions g\u00e9n\u00e9rales de vente sont \u00e9tablies par REFRUITING FRANCE, Soci\u00e9t\u00e9 par actions simplifi\u00e9e (Soci\u00e9t\u00e9 \u00e0 associ\u00e9 unique), au capital de 200.000 euros, dont le si\u00e8ge social est au 3 avenue de l\u2019Op\u00e9ra 75001 Paris, immatricul\u00e9e sous le num\u00e9ro 529 733 834 R.C.S. Paris et [&hellip;]\" \/>\n<meta property=\"og:url\" content=\"https:\/\/www.refruiting.com\/fr\/conditions-generales-de-vente\/\" \/>\n<meta property=\"og:site_name\" content=\"refruiting\" \/>\n<meta property=\"article:modified_time\" content=\"2025-11-28T13:00:06+00:00\" \/>\n<meta name=\"twitter:card\" content=\"summary_large_image\" \/>\n<meta name=\"twitter:label1\" content=\"Dur\u00e9e de lecture estim\u00e9e\" \/>\n\t<meta name=\"twitter:data1\" content=\"7 minutes\" \/>\n<script type=\"application\/ld+json\" class=\"yoast-schema-graph\">{\"@context\":\"https:\/\/schema.org\",\"@graph\":[{\"@type\":\"WebPage\",\"@id\":\"https:\/\/www.refruiting.com\/conditions-generales-de-vente\/\",\"url\":\"https:\/\/www.refruiting.com\/conditions-generales-de-vente\/\",\"name\":\"Conditions g\u00e9n\u00e9rales de vente - refruiting\",\"isPartOf\":{\"@id\":\"https:\/\/www.refruiting.com\/#website\"},\"datePublished\":\"2025-11-28T12:59:32+00:00\",\"dateModified\":\"2025-11-28T13:00:06+00:00\",\"breadcrumb\":{\"@id\":\"https:\/\/www.refruiting.com\/conditions-generales-de-vente\/#breadcrumb\"},\"inLanguage\":\"fr-FR\",\"potentialAction\":[{\"@type\":\"ReadAction\",\"target\":[\"https:\/\/www.refruiting.com\/conditions-generales-de-vente\/\"]}]},{\"@type\":\"BreadcrumbList\",\"@id\":\"https:\/\/www.refruiting.com\/conditions-generales-de-vente\/#breadcrumb\",\"itemListElement\":[{\"@type\":\"ListItem\",\"position\":1,\"name\":\"Portada\",\"item\":\"https:\/\/www.refruiting.com\/\"},{\"@type\":\"ListItem\",\"position\":2,\"name\":\"Conditions g\u00e9n\u00e9rales de vente\"}]},{\"@type\":\"WebSite\",\"@id\":\"https:\/\/www.refruiting.com\/#website\",\"url\":\"https:\/\/www.refruiting.com\/\",\"name\":\"refruiting\",\"description\":\"Servicios de wellness corporativo en Espa\u00f1a: fruta en la oficina, alimentaci\u00f3n saludable y bienestar para empresas. Mejora el ambiente laboral con Refruiting.\",\"publisher\":{\"@id\":\"https:\/\/www.refruiting.com\/#organization\"},\"alternateName\":\"Refruiting.com\",\"potentialAction\":[{\"@type\":\"SearchAction\",\"target\":{\"@type\":\"EntryPoint\",\"urlTemplate\":\"https:\/\/www.refruiting.com\/?s={search_term_string}\"},\"query-input\":{\"@type\":\"PropertyValueSpecification\",\"valueRequired\":true,\"valueName\":\"search_term_string\"}}],\"inLanguage\":\"fr-FR\"},{\"@type\":\"Organization\",\"@id\":\"https:\/\/www.refruiting.com\/#organization\",\"name\":\"refruiting\",\"url\":\"https:\/\/www.refruiting.com\/\",\"logo\":{\"@type\":\"ImageObject\",\"inLanguage\":\"fr-FR\",\"@id\":\"https:\/\/www.refruiting.com\/#\/schema\/logo\/image\/\",\"url\":\"https:\/\/www.refruiting.com\/wp-content\/uploads\/2024\/05\/refruiting_logo.svg\",\"contentUrl\":\"https:\/\/www.refruiting.com\/wp-content\/uploads\/2024\/05\/refruiting_logo.svg\",\"width\":164,\"height\":40,\"caption\":\"refruiting\"},\"image\":{\"@id\":\"https:\/\/www.refruiting.com\/#\/schema\/logo\/image\/\"}}]}<\/script>\n<!-- \/ Yoast SEO plugin. -->","yoast_head_json":{"title":"Conditions g\u00e9n\u00e9rales de vente - refruiting","robots":{"index":"index","follow":"follow","max-snippet":"max-snippet:-1","max-image-preview":"max-image-preview:large","max-video-preview":"max-video-preview:-1"},"canonical":"https:\/\/www.refruiting.com\/fr\/conditions-generales-de-vente\/","og_locale":"fr_FR","og_type":"article","og_title":"Conditions g\u00e9n\u00e9rales de vente - refruiting","og_description":"Conditions g\u00e9n\u00e9rales de vente ARTICLE 1 \u2013 PORTEE 1.1 Les pr\u00e9sentes conditions g\u00e9n\u00e9rales de vente sont \u00e9tablies par REFRUITING FRANCE, Soci\u00e9t\u00e9 par actions simplifi\u00e9e (Soci\u00e9t\u00e9 \u00e0 associ\u00e9 unique), au capital de 200.000 euros, dont le si\u00e8ge social est au 3 avenue de l\u2019Op\u00e9ra 75001 Paris, immatricul\u00e9e sous le num\u00e9ro 529 733 834 R.C.S. Paris et [&hellip;]","og_url":"https:\/\/www.refruiting.com\/fr\/conditions-generales-de-vente\/","og_site_name":"refruiting","article_modified_time":"2025-11-28T13:00:06+00:00","twitter_card":"summary_large_image","twitter_misc":{"Dur\u00e9e de lecture estim\u00e9e":"7 minutes"},"schema":{"@context":"https:\/\/schema.org","@graph":[{"@type":"WebPage","@id":"https:\/\/www.refruiting.com\/conditions-generales-de-vente\/","url":"https:\/\/www.refruiting.com\/conditions-generales-de-vente\/","name":"Conditions g\u00e9n\u00e9rales de vente - refruiting","isPartOf":{"@id":"https:\/\/www.refruiting.com\/#website"},"datePublished":"2025-11-28T12:59:32+00:00","dateModified":"2025-11-28T13:00:06+00:00","breadcrumb":{"@id":"https:\/\/www.refruiting.com\/conditions-generales-de-vente\/#breadcrumb"},"inLanguage":"fr-FR","potentialAction":[{"@type":"ReadAction","target":["https:\/\/www.refruiting.com\/conditions-generales-de-vente\/"]}]},{"@type":"BreadcrumbList","@id":"https:\/\/www.refruiting.com\/conditions-generales-de-vente\/#breadcrumb","itemListElement":[{"@type":"ListItem","position":1,"name":"Portada","item":"https:\/\/www.refruiting.com\/"},{"@type":"ListItem","position":2,"name":"Conditions g\u00e9n\u00e9rales de vente"}]},{"@type":"WebSite","@id":"https:\/\/www.refruiting.com\/#website","url":"https:\/\/www.refruiting.com\/","name":"recrutement","description":"Services de bien-\u00eatre en entreprise en Espagne : fruits au bureau, alimentation saine et bien-\u00eatre pour les entreprises. Am\u00e9liorez l'environnement de travail avec Refruiting.","publisher":{"@id":"https:\/\/www.refruiting.com\/#organization"},"alternateName":"Refruiting.com","potentialAction":[{"@type":"SearchAction","target":{"@type":"EntryPoint","urlTemplate":"https:\/\/www.refruiting.com\/?s={search_term_string}"},"query-input":{"@type":"PropertyValueSpecification","valueRequired":true,"valueName":"search_term_string"}}],"inLanguage":"fr-FR"},{"@type":"Organization","@id":"https:\/\/www.refruiting.com\/#organization","name":"recrutement","url":"https:\/\/www.refruiting.com\/","logo":{"@type":"ImageObject","inLanguage":"fr-FR","@id":"https:\/\/www.refruiting.com\/#\/schema\/logo\/image\/","url":"https:\/\/www.refruiting.com\/wp-content\/uploads\/2024\/05\/refruiting_logo.svg","contentUrl":"https:\/\/www.refruiting.com\/wp-content\/uploads\/2024\/05\/refruiting_logo.svg","width":164,"height":40,"caption":"refruiting"},"image":{"@id":"https:\/\/www.refruiting.com\/#\/schema\/logo\/image\/"}}]}},"_links":{"self":[{"href":"https:\/\/www.refruiting.com\/fr\/wp-json\/wp\/v2\/pages\/4227","targetHints":{"allow":["GET"]}}],"collection":[{"href":"https:\/\/www.refruiting.com\/fr\/wp-json\/wp\/v2\/pages"}],"about":[{"href":"https:\/\/www.refruiting.com\/fr\/wp-json\/wp\/v2\/types\/page"}],"author":[{"embeddable":true,"href":"https:\/\/www.refruiting.com\/fr\/wp-json\/wp\/v2\/users\/8"}],"replies":[{"embeddable":true,"href":"https:\/\/www.refruiting.com\/fr\/wp-json\/wp\/v2\/comments?post=4227"}],"version-history":[{"count":4,"href":"https:\/\/www.refruiting.com\/fr\/wp-json\/wp\/v2\/pages\/4227\/revisions"}],"predecessor-version":[{"id":4231,"href":"https:\/\/www.refruiting.com\/fr\/wp-json\/wp\/v2\/pages\/4227\/revisions\/4231"}],"wp:attachment":[{"href":"https:\/\/www.refruiting.com\/fr\/wp-json\/wp\/v2\/media?parent=4227"}],"curies":[{"name":"wp","href":"https:\/\/api.w.org\/{rel}","templated":true}]}}