{"id":3300,"date":"2024-07-16T12:18:16","date_gmt":"2024-07-16T12:18:16","guid":{"rendered":"https:\/\/www.refruiting.com\/?page_id=3300"},"modified":"2026-03-31T10:56:41","modified_gmt":"2026-03-31T10:56:41","slug":"merci-pour-votre-confiance-2","status":"publish","type":"page","link":"https:\/\/www.refruiting.com\/fr\/merci-pour-votre-confiance-2\/","title":{"rendered":"Gracias por tu mensaje"},"content":{"rendered":"<div data-elementor-type=\"wp-page\" data-elementor-id=\"3300\" class=\"elementor elementor-3300\" data-elementor-post-type=\"page\">\n\t\t\t\t<div class=\"elementor-element elementor-element-7842d7c e-flex e-con-boxed e-con e-parent\" data-id=\"7842d7c\" data-element_type=\"container\" data-settings=\"{&quot;background_background&quot;:&quot;classic&quot;}\">\n\t\t\t\t\t<div class=\"e-con-inner\">\n\t\t\t\t<div class=\"elementor-element elementor-element-6555c13 elementor-widget elementor-widget-heading\" data-id=\"6555c13\" data-element_type=\"widget\" data-widget_type=\"heading.default\">\n\t\t\t\t<div class=\"elementor-widget-container\">\n\t\t\t\t\t<h1 class=\"elementor-heading-title elementor-size-default\">Merci pour votre confiance !<\/h1>\t\t\t\t<\/div>\n\t\t\t\t<\/div>\n\t\t\t\t<div class=\"elementor-element elementor-element-255c3fb elementor-widget elementor-widget-text-editor\" data-id=\"255c3fb\" data-element_type=\"widget\" data-widget_type=\"text-editor.default\">\n\t\t\t\t<div class=\"elementor-widget-container\">\n\t\t\t\t\t\t\t\t\t<p style=\"text-align: center;\"><span data-start=\"757\" data-end=\"952\">Notre \u00e9quipe vous contactera tr\u00e8s prochainement.<\/span><br \/><br \/><span data-start=\"757\" data-end=\"952\">En choisissant Refruiting, vous favorisez le bien-\u00eatre dans votre entreprise tout en soutenant l\u2019inclusion professionnelle de plus de 30 personnes en situation de handicap.<\/span><\/p>\t\t\t\t\t\t\t\t<\/div>\n\t\t\t\t<\/div>\n\t\t\t\t<div class=\"elementor-element elementor-element-73a934b elementor-invisible elementor-widget elementor-widget-button\" data-id=\"73a934b\" data-element_type=\"widget\" data-settings=\"{&quot;_animation&quot;:&quot;fadeInUp&quot;,&quot;_animation_delay&quot;:900}\" data-widget_type=\"button.default\">\n\t\t\t\t<div class=\"elementor-widget-container\">\n\t\t\t\t\t\t\t\t\t<div class=\"elementor-button-wrapper\">\n\t\t\t\t\t<a class=\"elementor-button elementor-button-link elementor-size-sm elementor-animation-grow\" href=\"https:\/\/www.refruiting.com\/fr\">\n\t\t\t\t\t\t<span class=\"elementor-button-content-wrapper\">\n\t\t\t\t\t\t\t\t\t<span class=\"elementor-button-text\">Poursuivre la recherche<\/span>\n\t\t\t\t\t<\/span>\n\t\t\t\t\t<\/a>\n\t\t\t\t<\/div>\n\t\t\t\t\t\t\t\t<\/div>\n\t\t\t\t<\/div>\n\t\t\t\t\t<\/div>\n\t\t\t\t<\/div>\n\t\t\t\t<\/div>","protected":false},"excerpt":{"rendered":"<p>\u00a1Gracias por tu confianza! Nuestro equipo se pondr\u00e1 en contacto contigo muy pronto. Al elegir Refruiting, est\u00e1s apostando por bienestar en tu oficina y por la inclusi\u00f3n laboral de m\u00e1s de 30 personas con discapacidad. Seguir navegando<\/p>","protected":false},"author":7,"featured_media":0,"parent":0,"menu_order":0,"comment_status":"closed","ping_status":"closed","template":"","meta":{"content-type":"","footnotes":""},"class_list":["post-3300","page","type-page","status-publish","hentry"],"yoast_head":"<!-- This site is optimized with the Yoast SEO plugin v25.6 - https:\/\/yoast.com\/wordpress\/plugins\/seo\/ -->\n<title>Gracias por tu mensaje - refruiting<\/title>\n<meta name=\"robots\" content=\"index, follow, max-snippet:-1, max-image-preview:large, max-video-preview:-1\" \/>\n<link rel=\"canonical\" href=\"https:\/\/www.refruiting.com\/fr\/merci-pour-votre-confiance-2\/\" \/>\n<meta property=\"og:locale\" content=\"fr_FR\" \/>\n<meta property=\"og:type\" content=\"article\" \/>\n<meta property=\"og:title\" content=\"Gracias por tu mensaje - refruiting\" \/>\n<meta property=\"og:description\" content=\"\u00a1Gracias por tu confianza! Nuestro equipo se pondr\u00e1 en contacto contigo muy pronto. Al elegir Refruiting, est\u00e1s apostando por bienestar en tu oficina y por la inclusi\u00f3n laboral de m\u00e1s de 30 personas con discapacidad. Seguir navegando\" \/>\n<meta property=\"og:url\" content=\"https:\/\/www.refruiting.com\/fr\/merci-pour-votre-confiance-2\/\" \/>\n<meta property=\"og:site_name\" content=\"refruiting\" \/>\n<meta property=\"article:modified_time\" content=\"2026-03-31T10:56:41+00:00\" \/>\n<meta name=\"twitter:card\" content=\"summary_large_image\" \/>\n<meta name=\"twitter:label1\" content=\"Dur\u00e9e de lecture estim\u00e9e\" \/>\n\t<meta name=\"twitter:data1\" content=\"1 minute\" \/>\n<script type=\"application\/ld+json\" class=\"yoast-schema-graph\">{\"@context\":\"https:\/\/schema.org\",\"@graph\":[{\"@type\":\"WebPage\",\"@id\":\"https:\/\/www.refruiting.com\/gracias-por-tu-mensaje\/\",\"url\":\"https:\/\/www.refruiting.com\/gracias-por-tu-mensaje\/\",\"name\":\"Gracias por tu mensaje - refruiting\",\"isPartOf\":{\"@id\":\"https:\/\/www.refruiting.com\/#website\"},\"datePublished\":\"2024-07-16T12:18:16+00:00\",\"dateModified\":\"2026-03-31T10:56:41+00:00\",\"breadcrumb\":{\"@id\":\"https:\/\/www.refruiting.com\/gracias-por-tu-mensaje\/#breadcrumb\"},\"inLanguage\":\"fr-FR\",\"potentialAction\":[{\"@type\":\"ReadAction\",\"target\":[\"https:\/\/www.refruiting.com\/gracias-por-tu-mensaje\/\"]}]},{\"@type\":\"BreadcrumbList\",\"@id\":\"https:\/\/www.refruiting.com\/gracias-por-tu-mensaje\/#breadcrumb\",\"itemListElement\":[{\"@type\":\"ListItem\",\"position\":1,\"name\":\"Portada\",\"item\":\"https:\/\/www.refruiting.com\/\"},{\"@type\":\"ListItem\",\"position\":2,\"name\":\"Gracias por tu mensaje\"}]},{\"@type\":\"WebSite\",\"@id\":\"https:\/\/www.refruiting.com\/#website\",\"url\":\"https:\/\/www.refruiting.com\/\",\"name\":\"refruiting\",\"description\":\"Servicios de wellness corporativo en Espa\u00f1a: fruta en la oficina, alimentaci\u00f3n saludable y bienestar para empresas. Mejora el ambiente laboral con Refruiting.\",\"publisher\":{\"@id\":\"https:\/\/www.refruiting.com\/#organization\"},\"alternateName\":\"Refruiting.com\",\"potentialAction\":[{\"@type\":\"SearchAction\",\"target\":{\"@type\":\"EntryPoint\",\"urlTemplate\":\"https:\/\/www.refruiting.com\/?s={search_term_string}\"},\"query-input\":{\"@type\":\"PropertyValueSpecification\",\"valueRequired\":true,\"valueName\":\"search_term_string\"}}],\"inLanguage\":\"fr-FR\"},{\"@type\":\"Organization\",\"@id\":\"https:\/\/www.refruiting.com\/#organization\",\"name\":\"refruiting\",\"url\":\"https:\/\/www.refruiting.com\/\",\"logo\":{\"@type\":\"ImageObject\",\"inLanguage\":\"fr-FR\",\"@id\":\"https:\/\/www.refruiting.com\/#\/schema\/logo\/image\/\",\"url\":\"https:\/\/www.refruiting.com\/wp-content\/uploads\/2024\/05\/refruiting_logo.svg\",\"contentUrl\":\"https:\/\/www.refruiting.com\/wp-content\/uploads\/2024\/05\/refruiting_logo.svg\",\"width\":164,\"height\":40,\"caption\":\"refruiting\"},\"image\":{\"@id\":\"https:\/\/www.refruiting.com\/#\/schema\/logo\/image\/\"}}]}<\/script>\n<!-- \/ Yoast SEO plugin. -->","yoast_head_json":{"title":"Merci pour votre message - refruiting","robots":{"index":"index","follow":"follow","max-snippet":"max-snippet:-1","max-image-preview":"max-image-preview:large","max-video-preview":"max-video-preview:-1"},"canonical":"https:\/\/www.refruiting.com\/fr\/merci-pour-votre-confiance-2\/","og_locale":"fr_FR","og_type":"article","og_title":"Gracias por tu mensaje - refruiting","og_description":"\u00a1Gracias por tu confianza! Nuestro equipo se pondr\u00e1 en contacto contigo muy pronto. Al elegir Refruiting, est\u00e1s apostando por bienestar en tu oficina y por la inclusi\u00f3n laboral de m\u00e1s de 30 personas con discapacidad. Seguir navegando","og_url":"https:\/\/www.refruiting.com\/fr\/merci-pour-votre-confiance-2\/","og_site_name":"refruiting","article_modified_time":"2026-03-31T10:56:41+00:00","twitter_card":"summary_large_image","twitter_misc":{"Dur\u00e9e de lecture estim\u00e9e":"1 minute"},"schema":{"@context":"https:\/\/schema.org","@graph":[{"@type":"WebPage","@id":"https:\/\/www.refruiting.com\/gracias-por-tu-mensaje\/","url":"https:\/\/www.refruiting.com\/gracias-por-tu-mensaje\/","name":"Merci pour votre message - refruiting","isPartOf":{"@id":"https:\/\/www.refruiting.com\/#website"},"datePublished":"2024-07-16T12:18:16+00:00","dateModified":"2026-03-31T10:56:41+00:00","breadcrumb":{"@id":"https:\/\/www.refruiting.com\/gracias-por-tu-mensaje\/#breadcrumb"},"inLanguage":"fr-FR","potentialAction":[{"@type":"ReadAction","target":["https:\/\/www.refruiting.com\/gracias-por-tu-mensaje\/"]}]},{"@type":"BreadcrumbList","@id":"https:\/\/www.refruiting.com\/gracias-por-tu-mensaje\/#breadcrumb","itemListElement":[{"@type":"ListItem","position":1,"name":"Portada","item":"https:\/\/www.refruiting.com\/"},{"@type":"ListItem","position":2,"name":"Gracias por tu mensaje"}]},{"@type":"WebSite","@id":"https:\/\/www.refruiting.com\/#website","url":"https:\/\/www.refruiting.com\/","name":"recrutement","description":"Services de bien-\u00eatre en entreprise en Espagne : fruits au bureau, alimentation saine et bien-\u00eatre pour les entreprises. Am\u00e9liorez l'environnement de travail avec Refruiting.","publisher":{"@id":"https:\/\/www.refruiting.com\/#organization"},"alternateName":"Refruiting.com","potentialAction":[{"@type":"SearchAction","target":{"@type":"EntryPoint","urlTemplate":"https:\/\/www.refruiting.com\/?s={search_term_string}"},"query-input":{"@type":"PropertyValueSpecification","valueRequired":true,"valueName":"search_term_string"}}],"inLanguage":"fr-FR"},{"@type":"Organization","@id":"https:\/\/www.refruiting.com\/#organization","name":"recrutement","url":"https:\/\/www.refruiting.com\/","logo":{"@type":"ImageObject","inLanguage":"fr-FR","@id":"https:\/\/www.refruiting.com\/#\/schema\/logo\/image\/","url":"https:\/\/www.refruiting.com\/wp-content\/uploads\/2024\/05\/refruiting_logo.svg","contentUrl":"https:\/\/www.refruiting.com\/wp-content\/uploads\/2024\/05\/refruiting_logo.svg","width":164,"height":40,"caption":"refruiting"},"image":{"@id":"https:\/\/www.refruiting.com\/#\/schema\/logo\/image\/"}}]}},"_links":{"self":[{"href":"https:\/\/www.refruiting.com\/fr\/wp-json\/wp\/v2\/pages\/3300","targetHints":{"allow":["GET"]}}],"collection":[{"href":"https:\/\/www.refruiting.com\/fr\/wp-json\/wp\/v2\/pages"}],"about":[{"href":"https:\/\/www.refruiting.com\/fr\/wp-json\/wp\/v2\/types\/page"}],"author":[{"embeddable":true,"href":"https:\/\/www.refruiting.com\/fr\/wp-json\/wp\/v2\/users\/7"}],"replies":[{"embeddable":true,"href":"https:\/\/www.refruiting.com\/fr\/wp-json\/wp\/v2\/comments?post=3300"}],"version-history":[{"count":53,"href":"https:\/\/www.refruiting.com\/fr\/wp-json\/wp\/v2\/pages\/3300\/revisions"}],"predecessor-version":[{"id":4936,"href":"https:\/\/www.refruiting.com\/fr\/wp-json\/wp\/v2\/pages\/3300\/revisions\/4936"}],"wp:attachment":[{"href":"https:\/\/www.refruiting.com\/fr\/wp-json\/wp\/v2\/media?parent=3300"}],"curies":[{"name":"wp","href":"https:\/\/api.w.org\/{rel}","templated":true}]}}