{"id":1900,"date":"2024-05-22T13:14:29","date_gmt":"2024-05-22T13:14:29","guid":{"rendered":"https:\/\/www.refruiting.com\/?page_id=1900"},"modified":"2024-05-24T15:40:17","modified_gmt":"2024-05-24T15:40:17","slug":"politique-en-matiere-de-cookies","status":"publish","type":"page","link":"https:\/\/www.refruiting.com\/fr\/politique-en-matiere-de-cookies\/","title":{"rendered":"Politique en mati\u00e8re de cookies"},"content":{"rendered":"<p>Conform\u00e9ment aux dispositions du d\u00e9cret royal 13\/2012 relatif \u00e0 l'obligation de fournir des informations sur les cookies utilis\u00e9s sur notre site web et \u00e0 l'obligation d'obtenir votre consentement, nous mettons \u00e0 votre disposition la politique en mati\u00e8re de cookies suivante.<\/p>\n\n\n\n<p>Que sont les cookies et pourquoi les utilisons-nous sur le site web ?<br>Un cookie est un fichier qui est t\u00e9l\u00e9charg\u00e9 sur l'appareil par l'utilisateur pour acc\u00e9der \u00e0 un certain site web afin de stocker et de r\u00e9cup\u00e9rer des informations sur la navigation effectu\u00e9e sur l'ordinateur.<\/p>\n\n\n\n<p>Les cookies permettent \u00e0 ce site web, entre autres, de stocker et de r\u00e9cup\u00e9rer des informations sur les choix et les habitudes des utilisateurs. Sur le site web, les cookies existants sont n\u00e9cessaires au fonctionnement du site web.<\/p>\n\n\n\n<p>Il est important de noter que l'utilisation de cookies ne fournit pas de donn\u00e9es personnelles sur les utilisateurs.<\/p>\n\n\n\n<p>Quels sont les types de cookies ?<br>Cookies de premi\u00e8re partie ou de tierce partie : les cookies de premi\u00e8re partie sont ceux qui sont envoy\u00e9s \u00e0 l'\u00e9quipement terminal de l'utilisateur \u00e0 partir d'un ordinateur ou d'un domaine g\u00e9r\u00e9 par l'\u00e9diteur lui-m\u00eame et \u00e0 partir duquel le service demand\u00e9 par l'utilisateur est fourni. Les cookies de tiers sont ceux qui sont envoy\u00e9s \u00e0 l'\u00e9quipement terminal de l'utilisateur \u00e0 partir d'un ordinateur ou d'un domaine qui n'est pas g\u00e9r\u00e9 par l'\u00e9diteur, mais par une autre entit\u00e9 qui traite les donn\u00e9es obtenues par le biais des cookies.<\/p>\n\n\n\n<p>Cookies de session et cookies persistants : dans le cas des cookies de session, les donn\u00e9es collect\u00e9es ne le sont que pendant que l'utilisateur navigue sur le site web et sont supprim\u00e9es \u00e0 la fermeture du navigateur. Dans le cas des cookies persistants, les donn\u00e9es continuent d'\u00eatre stock\u00e9es dans le terminal pendant une p\u00e9riode d\u00e9termin\u00e9e, ce qui facilite le contr\u00f4le des pr\u00e9f\u00e9rences choisies sans avoir \u00e0 r\u00e9p\u00e9ter certains param\u00e8tres \u00e0 chaque visite du site web.<\/p>\n\n\n\n<p>Cookies techniques\/personnalisation\/analyse\/publicit\u00e9 : les cookies techniques sont ceux qui permettent de contr\u00f4ler le trafic et de communiquer des donn\u00e9es ; les cookies de personnalisation sont ceux qui permettent aux utilisateurs d'acc\u00e9der \u00e0 certaines de leurs caract\u00e9ristiques (navigateur, langue, etc.). Les cookies analytiques sont ceux qui permettent au responsable de suivre et d'analyser le comportement des utilisateurs des sites web auxquels ils sont li\u00e9s, de collecter des donn\u00e9es sur le comportement des utilisateurs et d'\u00e9tablir un profil d'utilisateur. Enfin, les cookies publicitaires collectent des donn\u00e9es sur la gestion des espaces publicitaires.<\/p>\n\n\n\n<figure class=\"wp-block-table\"><table><tbody><tr><td><strong>Nom<\/strong><\/td><td><strong>Domaine<\/strong><\/td><td><strong>Objectif<\/strong><\/td><td><strong>Expiration<\/strong><\/td><\/tr><tr><td>__zlcmid<\/td><td>.refruiting.com<\/td><td>Ce cookie est utilis\u00e9 pour stocker l'identit\u00e9 du visiteur lors de toutes ses visites et sa pr\u00e9f\u00e9rence pour d\u00e9sactiver notre fonction de chat en direct.<\/td><td>1 an<\/td><\/tr><tr><td>__clck<\/td><td>.refruiting.com<\/td><td>L'identifiant et les pr\u00e9f\u00e9rences de l'utilisateur de Clarity, uniques \u00e0 ce site, sont conserv\u00e9s dans le navigateur. Cela garantit que le comportement lors de visites ult\u00e9rieures sur le m\u00eame site sera attribu\u00e9 au m\u00eame identifiant d'utilisateur.<\/td><td>1 an<\/td><\/tr><tr><td>__clsk<\/td><td>.refruiting.com<\/td><td>Connecte plusieurs pages vues par un utilisateur en un seul enregistrement de session Clarity.<\/td><td>1 jour<\/td><\/tr><tr><td>__ga<\/td><td><a href=\"https:\/\/policies.google.com\/privacy\" target=\"_blank\" rel=\"noreferrer noopener\">Google<\/a><\/td><td>Il est utilis\u00e9 pour distinguer les utilisateurs.<\/td><td>2 ans<\/td><\/tr><tr><td>__gcl_au<\/td><td><a href=\"https:\/\/policies.google.com\/privacy\" target=\"_blank\" rel=\"noreferrer noopener\">Google<\/a><\/td><td>L'objectif principal est d'aider les annonceurs \u00e0 d\u00e9terminer combien de fois les personnes qui cliquent sur leurs annonces finissent par effectuer une action sur leur site.<\/td><td>30 jours<\/td><\/tr><tr><td>__gid<\/td><td><a href=\"https:\/\/policies.google.com\/privacy\" target=\"_blank\" rel=\"noreferrer noopener\">Google<\/a><\/td><td>Il enregistre un identifiant unique qui est utilis\u00e9 pour g\u00e9n\u00e9rer des donn\u00e9es statistiques sur la fa\u00e7on dont le visiteur utilise le site web.<\/td><td>1 jour<\/td><\/tr><tr><td>__hjid<\/td><td>.refruiting.com<\/td><td>D\u00e9termine le moment o\u00f9 un utilisateur entre pour la premi\u00e8re fois dans une page. Conserve l'identifiant de l'utilisateur. Assure que les donn\u00e9es provenant de visites ult\u00e9rieures sur le m\u00eame site sont attribu\u00e9es au m\u00eame identifiant d'utilisateur.<\/td><td>1 an<\/td><\/tr><tr><td>__uetvid<\/td><td>.refruiting.com<\/td><td>Il est utilis\u00e9 pour d\u00e9terminer quelles publicit\u00e9s peuvent \u00eatre pertinentes pour l'utilisateur final qui navigue sur le site.<\/td><td>1 an<\/td><\/tr><tr><td>mp_a36067b00a263cce0299cfd960e26ecf_mixpanel<\/td><td>.refruiting.com<\/td><td>Mixpanel utilise ce cookie pour analyser le trafic et, en particulier, la mani\u00e8re dont les utilisateurs ont acc\u00e9d\u00e9 \u00e0 la plateforme.<\/td><td>1 an<\/td><\/tr><tr><td>cookies_accept\u00e9s<\/td><td>.refruiting.com<\/td><td>Informations indiquant si l'utilisateur accepte les cookies<\/td><td>6 mois<\/td><\/tr><tr><td>moove_gdpr_popup<\/td><td>.refruiting.com<\/td><td>Utilis\u00e9 pour stocker les pr\u00e9f\u00e9rences en mati\u00e8re de cookies<\/td><td>Session<\/td><\/tr><tr><td>wordpress_test_cookie<\/td><td>WORDPRESS<\/td><td>WordPress installe ce cookie lorsque vous naviguez vers la page de connexion. Le cookie est utilis\u00e9 pour v\u00e9rifier si votre navigateur web est configur\u00e9 pour autoriser ou rejeter les cookies.<\/td><td>Session<\/td><\/tr><tr><td>wp_lang<\/td><td>WORDPRESS<\/td><td>Sauvegarder les param\u00e8tres linguistiques<\/td><td>Session<\/td><\/tr><\/tbody><\/table><\/figure>\n\n\n\n<h2 class=\"wp-block-heading\"><strong>Cookies de Google<\/strong><\/h2>\n\n\n\n<p>Ce site utilise Google Analytics, un service d'analyse du Web fourni par Google, Inc. dont le si\u00e8ge social se trouve \u00e0 1600 Amphitheatre Parkway, Mountain View (Californie), CA 94043, \u00c9tats-Unis (\u201cGoogle\u201d).<br>Google Analytics utilise des \u201ccookies\u201d, qui sont des fichiers texte plac\u00e9s sur votre ordinateur, pour aider le site internet \u00e0 analyser l'utilisation du site par ses utilisateurs.<br>Les informations g\u00e9n\u00e9r\u00e9es par le cookie concernant votre utilisation du site (y compris votre adresse IP) seront transmises et stock\u00e9es par Google sur des serveurs situ\u00e9s aux Etats-Unis.<br>Google utilisera ces informations en notre nom dans le but d'\u00e9valuer votre utilisation du site, de compiler des rapports sur l'activit\u00e9 du site pour les op\u00e9rateurs du site et de fournir d'autres services li\u00e9s \u00e0 l'activit\u00e9 du site et \u00e0 l'utilisation d'Internet.<br>Google peut \u00e9galement transf\u00e9rer ces informations \u00e0 des tiers si la loi l'exige ou si ces tiers traitent les informations pour le compte de Google.<br>Google n'associera pas votre adresse IP \u00e0 d'autres donn\u00e9es d\u00e9tenues par Google. Pour plus d'informations sur les cookies de Google, cliquez sur le lien suivant : https:\/\/www.google.es\/intl\/es\/policies\/technologies\/types\/<\/p>\n\n\n\n<h2 class=\"wp-block-heading\"><strong>Cookies des m\u00e9dias sociaux<\/strong><\/h2>\n\n\n\n<p>Certaines pages de nos sites web vous permettent de partager notre contenu sur des r\u00e9seaux sociaux tels que Facebook, Twitter, Google, etc. Nous publions parfois des vid\u00e9os provenant de sites tels que YouTube. Ces sites web installent leurs propres cookies, que nous ne contr\u00f4lons pas. Vous pouvez consulter leurs sites web pour en savoir plus sur leur politique en mati\u00e8re de cookies.<br>Plus d'informations sur les cookies des m\u00e9dias sociaux :<\/p>\n\n\n\n<ul class=\"wp-block-list\">\n<li><a href=\"https:\/\/es-es.facebook.com\/about\/privacy\/cookies\">https:\/\/es-es.facebook.com\/about\/privacy\/cookies<\/a><\/li>\n\n\n\n<li><a href=\"https:\/\/help.instagram.com\/155833707900388\">https:\/\/help.instagram.com\/155833707900388<\/a><\/li>\n<\/ul>\n\n\n\n<h2 class=\"wp-block-heading\"><strong>Comment d\u00e9sactiver les cookies dans votre navigateur ?<\/strong><\/h2>\n\n\n\n<p>L'utilisateur peut autoriser, bloquer ou supprimer les cookies install\u00e9s sur son ordinateur en configurant les options du navigateur install\u00e9 sur son ordinateur. Veuillez lire attentivement la section d'aide de votre navigateur pour en savoir plus sur la mani\u00e8re d'activer le \u201cmode priv\u00e9\u201d ou de d\u00e9bloquer certains cookies.<\/p>\n\n\n\n<ul class=\"wp-block-list\">\n<li>\n<ul class=\"wp-block-list\">\n<li><a href=\"https:\/\/support.microsoft.com\/es-es\/help\/17442\/windows-internet-explorer-delete-manage-cookies\" target=\"_blank\" rel=\"noreferrer noopener\">Informations sur les cookies pour Internet Explorer.<\/a><\/li>\n\n\n\n<li><a href=\"https:\/\/support.mozilla.org\/es\/kb\/cookies-informacion-que-los-sitios-web-guardan-en-\" target=\"_blank\" rel=\"noreferrer noopener\">Informations sur les cookies pour Mozilla Firefox.<\/a><\/li>\n\n\n\n<li><a href=\"https:\/\/help.opera.com\/en\/latest\/security-and-privacy\/\" target=\"_blank\" rel=\"noreferrer noopener\">Informations sur les cookies pour Opera.<\/a><\/li>\n\n\n\n<li><a href=\"https:\/\/support.google.com\/chrome\/answer\/95647?co=GENIE.Platform%3DDesktop\" target=\"_blank\" rel=\"noreferrer noopener\">Informations sur les cookies pour Google Chrome.<\/a><\/li>\n\n\n\n<li><a href=\"https:\/\/support.apple.com\/es-es\/guide\/safari\/sfri11471\/mac\" target=\"_blank\" rel=\"noreferrer noopener\">Informations sur les cookies pour Safari.<\/a><\/li>\n<\/ul>\n<\/li>\n<\/ul>","protected":false},"excerpt":{"rendered":"<p>De conformidad a lo establecido por el Real Decreto 13\/2012, sobre la obligaci\u00f3n del deber de informaci\u00f3n sobre las cookies que utiliza nuestra Web y de la obligaci\u00f3n de obtener su consentimiento, ponemos a su disposici\u00f3n la siguiente pol\u00edtica de cookies. \u00bfQu\u00e9 son las cookies y por qu\u00e9 las utilizamos en el sitio web?Una cookie [&hellip;]<\/p>","protected":false},"author":1,"featured_media":0,"parent":0,"menu_order":0,"comment_status":"closed","ping_status":"closed","template":"","meta":{"content-type":"","footnotes":""},"class_list":["post-1900","page","type-page","status-publish","hentry"],"yoast_head":"<!-- This site is optimized with the Yoast SEO plugin v25.6 - https:\/\/yoast.com\/wordpress\/plugins\/seo\/ -->\n<title>Pol\u00edtica de cookies - refruiting<\/title>\n<meta name=\"robots\" content=\"index, follow, max-snippet:-1, max-image-preview:large, max-video-preview:-1\" \/>\n<link rel=\"canonical\" href=\"https:\/\/www.refruiting.com\/fr\/politique-en-matiere-de-cookies\/\" \/>\n<meta property=\"og:locale\" content=\"fr_FR\" \/>\n<meta property=\"og:type\" content=\"article\" \/>\n<meta property=\"og:title\" content=\"Pol\u00edtica de cookies - refruiting\" \/>\n<meta property=\"og:description\" content=\"De conformidad a lo establecido por el Real Decreto 13\/2012, sobre la obligaci\u00f3n del deber de informaci\u00f3n sobre las cookies que utiliza nuestra Web y de la obligaci\u00f3n de obtener su consentimiento, ponemos a su disposici\u00f3n la siguiente pol\u00edtica de cookies. \u00bfQu\u00e9 son las cookies y por qu\u00e9 las utilizamos en el sitio web?Una cookie [&hellip;]\" \/>\n<meta property=\"og:url\" content=\"https:\/\/www.refruiting.com\/fr\/politique-en-matiere-de-cookies\/\" \/>\n<meta property=\"og:site_name\" content=\"refruiting\" \/>\n<meta property=\"article:modified_time\" content=\"2024-05-24T15:40:17+00:00\" \/>\n<meta name=\"twitter:card\" content=\"summary_large_image\" \/>\n<meta name=\"twitter:label1\" content=\"Dur\u00e9e de lecture estim\u00e9e\" \/>\n\t<meta name=\"twitter:data1\" content=\"6 minutes\" \/>\n<script type=\"application\/ld+json\" class=\"yoast-schema-graph\">{\"@context\":\"https:\/\/schema.org\",\"@graph\":[{\"@type\":\"WebPage\",\"@id\":\"https:\/\/www.refruiting.com\/politica-de-cookies\/\",\"url\":\"https:\/\/www.refruiting.com\/politica-de-cookies\/\",\"name\":\"Pol\u00edtica de cookies - refruiting\",\"isPartOf\":{\"@id\":\"https:\/\/www.refruiting.com\/#website\"},\"datePublished\":\"2024-05-22T13:14:29+00:00\",\"dateModified\":\"2024-05-24T15:40:17+00:00\",\"breadcrumb\":{\"@id\":\"https:\/\/www.refruiting.com\/politica-de-cookies\/#breadcrumb\"},\"inLanguage\":\"fr-FR\",\"potentialAction\":[{\"@type\":\"ReadAction\",\"target\":[\"https:\/\/www.refruiting.com\/politica-de-cookies\/\"]}]},{\"@type\":\"BreadcrumbList\",\"@id\":\"https:\/\/www.refruiting.com\/politica-de-cookies\/#breadcrumb\",\"itemListElement\":[{\"@type\":\"ListItem\",\"position\":1,\"name\":\"Portada\",\"item\":\"https:\/\/www.refruiting.com\/\"},{\"@type\":\"ListItem\",\"position\":2,\"name\":\"Pol\u00edtica de cookies\"}]},{\"@type\":\"WebSite\",\"@id\":\"https:\/\/www.refruiting.com\/#website\",\"url\":\"https:\/\/www.refruiting.com\/\",\"name\":\"refruiting\",\"description\":\"Servicios de wellness corporativo en Espa\u00f1a: fruta en la oficina, alimentaci\u00f3n saludable y bienestar para empresas. Mejora el ambiente laboral con Refruiting.\",\"publisher\":{\"@id\":\"https:\/\/www.refruiting.com\/#organization\"},\"alternateName\":\"Refruiting.com\",\"potentialAction\":[{\"@type\":\"SearchAction\",\"target\":{\"@type\":\"EntryPoint\",\"urlTemplate\":\"https:\/\/www.refruiting.com\/?s={search_term_string}\"},\"query-input\":{\"@type\":\"PropertyValueSpecification\",\"valueRequired\":true,\"valueName\":\"search_term_string\"}}],\"inLanguage\":\"fr-FR\"},{\"@type\":\"Organization\",\"@id\":\"https:\/\/www.refruiting.com\/#organization\",\"name\":\"refruiting\",\"url\":\"https:\/\/www.refruiting.com\/\",\"logo\":{\"@type\":\"ImageObject\",\"inLanguage\":\"fr-FR\",\"@id\":\"https:\/\/www.refruiting.com\/#\/schema\/logo\/image\/\",\"url\":\"https:\/\/www.refruiting.com\/wp-content\/uploads\/2024\/05\/refruiting_logo.svg\",\"contentUrl\":\"https:\/\/www.refruiting.com\/wp-content\/uploads\/2024\/05\/refruiting_logo.svg\",\"width\":164,\"height\":40,\"caption\":\"refruiting\"},\"image\":{\"@id\":\"https:\/\/www.refruiting.com\/#\/schema\/logo\/image\/\"}}]}<\/script>\n<!-- \/ Yoast SEO plugin. -->","yoast_head_json":{"title":"Politique en mati\u00e8re de cookies - recrutement","robots":{"index":"index","follow":"follow","max-snippet":"max-snippet:-1","max-image-preview":"max-image-preview:large","max-video-preview":"max-video-preview:-1"},"canonical":"https:\/\/www.refruiting.com\/fr\/politique-en-matiere-de-cookies\/","og_locale":"fr_FR","og_type":"article","og_title":"Pol\u00edtica de cookies - refruiting","og_description":"De conformidad a lo establecido por el Real Decreto 13\/2012, sobre la obligaci\u00f3n del deber de informaci\u00f3n sobre las cookies que utiliza nuestra Web y de la obligaci\u00f3n de obtener su consentimiento, ponemos a su disposici\u00f3n la siguiente pol\u00edtica de cookies. \u00bfQu\u00e9 son las cookies y por qu\u00e9 las utilizamos en el sitio web?Una cookie [&hellip;]","og_url":"https:\/\/www.refruiting.com\/fr\/politique-en-matiere-de-cookies\/","og_site_name":"refruiting","article_modified_time":"2024-05-24T15:40:17+00:00","twitter_card":"summary_large_image","twitter_misc":{"Dur\u00e9e de lecture estim\u00e9e":"6 minutes"},"schema":{"@context":"https:\/\/schema.org","@graph":[{"@type":"WebPage","@id":"https:\/\/www.refruiting.com\/politica-de-cookies\/","url":"https:\/\/www.refruiting.com\/politica-de-cookies\/","name":"Politique en mati\u00e8re de cookies - recrutement","isPartOf":{"@id":"https:\/\/www.refruiting.com\/#website"},"datePublished":"2024-05-22T13:14:29+00:00","dateModified":"2024-05-24T15:40:17+00:00","breadcrumb":{"@id":"https:\/\/www.refruiting.com\/politica-de-cookies\/#breadcrumb"},"inLanguage":"fr-FR","potentialAction":[{"@type":"ReadAction","target":["https:\/\/www.refruiting.com\/politica-de-cookies\/"]}]},{"@type":"BreadcrumbList","@id":"https:\/\/www.refruiting.com\/politica-de-cookies\/#breadcrumb","itemListElement":[{"@type":"ListItem","position":1,"name":"Portada","item":"https:\/\/www.refruiting.com\/"},{"@type":"ListItem","position":2,"name":"Pol\u00edtica de cookies"}]},{"@type":"WebSite","@id":"https:\/\/www.refruiting.com\/#website","url":"https:\/\/www.refruiting.com\/","name":"recrutement","description":"Services de bien-\u00eatre en entreprise en Espagne : fruits au bureau, alimentation saine et bien-\u00eatre pour les entreprises. Am\u00e9liorez l'environnement de travail avec Refruiting.","publisher":{"@id":"https:\/\/www.refruiting.com\/#organization"},"alternateName":"Refruiting.com","potentialAction":[{"@type":"SearchAction","target":{"@type":"EntryPoint","urlTemplate":"https:\/\/www.refruiting.com\/?s={search_term_string}"},"query-input":{"@type":"PropertyValueSpecification","valueRequired":true,"valueName":"search_term_string"}}],"inLanguage":"fr-FR"},{"@type":"Organization","@id":"https:\/\/www.refruiting.com\/#organization","name":"recrutement","url":"https:\/\/www.refruiting.com\/","logo":{"@type":"ImageObject","inLanguage":"fr-FR","@id":"https:\/\/www.refruiting.com\/#\/schema\/logo\/image\/","url":"https:\/\/www.refruiting.com\/wp-content\/uploads\/2024\/05\/refruiting_logo.svg","contentUrl":"https:\/\/www.refruiting.com\/wp-content\/uploads\/2024\/05\/refruiting_logo.svg","width":164,"height":40,"caption":"refruiting"},"image":{"@id":"https:\/\/www.refruiting.com\/#\/schema\/logo\/image\/"}}]}},"_links":{"self":[{"href":"https:\/\/www.refruiting.com\/fr\/wp-json\/wp\/v2\/pages\/1900","targetHints":{"allow":["GET"]}}],"collection":[{"href":"https:\/\/www.refruiting.com\/fr\/wp-json\/wp\/v2\/pages"}],"about":[{"href":"https:\/\/www.refruiting.com\/fr\/wp-json\/wp\/v2\/types\/page"}],"author":[{"embeddable":true,"href":"https:\/\/www.refruiting.com\/fr\/wp-json\/wp\/v2\/users\/1"}],"replies":[{"embeddable":true,"href":"https:\/\/www.refruiting.com\/fr\/wp-json\/wp\/v2\/comments?post=1900"}],"version-history":[{"count":2,"href":"https:\/\/www.refruiting.com\/fr\/wp-json\/wp\/v2\/pages\/1900\/revisions"}],"predecessor-version":[{"id":2238,"href":"https:\/\/www.refruiting.com\/fr\/wp-json\/wp\/v2\/pages\/1900\/revisions\/2238"}],"wp:attachment":[{"href":"https:\/\/www.refruiting.com\/fr\/wp-json\/wp\/v2\/media?parent=1900"}],"curies":[{"name":"wp","href":"https:\/\/api.w.org\/{rel}","templated":true}]}}